{"id":1997,"date":"2021-07-19T10:11:42","date_gmt":"2021-07-19T10:11:42","guid":{"rendered":"http:\/\/194.149.131.34\/ukim\/?page_id=1997"},"modified":"2025-11-19T15:13:29","modified_gmt":"2025-11-19T14:13:29","slug":"pochesni-doktori-na-nauki-na-ukim-2","status":"publish","type":"page","link":"https:\/\/ukim.edu.mk\/en\/sostav\/pochesni-zvanja-i-tituli\/pochesni-doktori-na-nauki-na-ukim-2\/","title":{"rendered":"\u041f\u043e\u0447\u0435\u0441\u043d\u0438 \u0434\u043e\u043a\u0442\u043e\u0440\u0438 \u043d\u0430 \u043d\u0430\u0443\u043a\u0438 \u043d\u0430 \u0423\u041a\u0418\u041c"},"content":{"rendered":"<table>\n<tbody>\n<tr style=\"height: 24px;\">\n<td style=\"height: 24px;\" width=\"36\"><strong>n<\/strong><\/td>\n<td style=\"height: 24px;\" width=\"362\"><strong>DOCTOR HONORIS CAUSA<\/strong><\/td>\n<td style=\"height: 24px;\" width=\"75\"><strong>Year <\/strong><\/td>\n<td style=\"height: 24px;\" width=\"416\"><strong>Affiliation<\/strong><\/td>\n<td style=\"height: 24px;\" width=\"143\"><strong>Country of origin<\/strong><\/td>\n<\/tr>\n<tr style=\"height: 24px;\">\n<td style=\"height: 24px;\" width=\"36\">1<\/td>\n<td style=\"height: 24px;\" width=\"362\"><a href=\"https:\/\/en.wikipedia.org\/wiki\/Edmond_Leburton\">Edmond Leburton<\/a><\/td>\n<td style=\"height: 24px;\" width=\"75\">1974<\/td>\n<td style=\"height: 24px;\" width=\"416\">President of the Government in Belgium<\/td>\n<td style=\"height: 24px;\" width=\"143\">Belgium<\/td>\n<\/tr>\n<tr style=\"height: 24px;\">\n<td style=\"height: 24px;\" width=\"36\">2<\/td>\n<td style=\"height: 24px;\" width=\"362\">Sini\u0161a Stankovi\u0107 , Ph.D.<\/td>\n<td style=\"height: 24px;\" width=\"75\">1974<\/td>\n<td style=\"height: 24px;\" width=\"416\">University of Belgrade<\/td>\n<td style=\"height: 24px;\" width=\"143\">Serbia<\/td>\n<\/tr>\n<tr style=\"height: 24px;\">\n<td style=\"height: 24px;\" width=\"36\">3<\/td>\n<td style=\"height: 24px;\" width=\"362\"><a href=\"https:\/\/en.wikipedia.org\/wiki\/Boris_P._Stoicheff\">Boris Stoj\u010dev<\/a>, Ph.D.<\/td>\n<td style=\"height: 24px;\" width=\"75\">1982<\/td>\n<td style=\"height: 24px;\" width=\"416\">University of Toronto<\/td>\n<td style=\"height: 24px;\" width=\"143\">Canada<\/td>\n<\/tr>\n<tr style=\"height: 24px;\">\n<td style=\"height: 24px;\" width=\"36\">4<\/td>\n<td style=\"height: 24px;\" width=\"362\"><a href=\"https:\/\/mk.wikipedia.org\/wiki\/%D0%A1%D1%82%D0%BE%D1%98%D0%B0%D0%BD_%D0%A5%D1%80%D0%B8%D1%81%D1%82%D0%BE%D0%B2\">Stojan Hristov<\/a><\/td>\n<td style=\"height: 24px;\" width=\"75\">1985<\/td>\n<td style=\"height: 24px;\" width=\"416\">writer and publicist<\/td>\n<td style=\"height: 24px;\" width=\"143\">USA<\/td>\n<\/tr>\n<tr style=\"height: 24px;\">\n<td style=\"height: 24px;\" width=\"36\">5<\/td>\n<td style=\"height: 24px;\" width=\"362\"><a href=\"http:\/\/manu.edu.mk\/teams\/%D0%B1%D0%BB%D0%B0%D0%B6%D0%B5-%D0%BA%D0%BE%D0%BD%D0%B5%D1%81%D0%BA%D0%B8\/\">Bla\u017ee Koneski<\/a>, Ph.D.<\/td>\n<td style=\"height: 24px;\" width=\"75\">1991<\/td>\n<td style=\"height: 24px;\" width=\"416\">Ss. \u201dCyril and Methodius\u201d University in Skopje<\/td>\n<td style=\"height: 24px;\" width=\"143\">North Macedonia<\/td>\n<\/tr>\n<tr style=\"height: 24px;\">\n<td style=\"height: 24px;\" width=\"36\">6<\/td>\n<td style=\"height: 24px;\" width=\"362\"><a href=\"https:\/\/en.wikipedia.org\/wiki\/Robert_Badinter\">Robert Badinter<\/a>, Ph.D.<\/td>\n<td style=\"height: 24px;\" width=\"75\">1996<\/td>\n<td style=\"height: 24px;\" width=\"416\">University of Paris<\/td>\n<td style=\"height: 24px;\" width=\"143\">France<\/td>\n<\/tr>\n<tr style=\"height: 48px;\">\n<td style=\"height: 48px;\" width=\"36\">7<\/td>\n<td style=\"height: 48px;\" width=\"362\"><a href=\"http:\/\/manu.edu.mk\/teams\/d-r-zuzana-topolinska\/\">Zuzanna Topoli\u0144ska<\/a>, Ph.D.<\/td>\n<td style=\"height: 48px;\" width=\"75\">1996<\/td>\n<td style=\"height: 48px;\" width=\"416\">Institute for Polish language, Polish Academy of sciences and arts<\/td>\n<td style=\"height: 48px;\" width=\"143\">Poland<\/td>\n<\/tr>\n<tr style=\"height: 24px;\">\n<td style=\"height: 24px;\" width=\"36\">8<\/td>\n<td style=\"height: 24px;\" width=\"362\"><a href=\"https:\/\/mk.wikipedia.org\/wiki\/%D0%A0%D0%B8%D0%BD%D0%B0_%D0%A3%D1%81%D0%B8%D0%BA%D0%BE%D0%B2%D0%B0\">Rina Usikova<\/a>, Ph.D.<\/td>\n<td style=\"height: 24px;\" width=\"75\">1996<\/td>\n<td style=\"height: 24px;\" width=\"416\">Lomonosov University in Moscow<\/td>\n<td style=\"height: 24px;\" width=\"143\">Russia<\/td>\n<\/tr>\n<tr style=\"height: 24px;\">\n<td style=\"height: 24px;\" width=\"36\">9<\/td>\n<td style=\"height: 24px;\" width=\"362\"><a href=\"http:\/\/manu.edu.mk\/clenovi_nadvor\/d-r-nullo-minissi\/\">Nullo Minissi<\/a>, Ph.D.<\/td>\n<td style=\"height: 24px;\" width=\"75\">1998<\/td>\n<td style=\"height: 24px;\" width=\"416\">Oriental University Institute in Naples,<\/td>\n<td style=\"height: 24px;\" width=\"143\">Italy<\/td>\n<\/tr>\n<tr style=\"height: 24px;\">\n<td style=\"height: 24px;\" width=\"36\">10<\/td>\n<td style=\"height: 24px;\" width=\"362\">Michael Berger, Ph.D.<\/td>\n<td style=\"height: 24px;\" width=\"75\">1999<\/td>\n<td style=\"height: 24px;\" width=\"416\">University Heinrich-Heine in Dusseldorf<\/td>\n<td style=\"height: 24px;\" width=\"143\">Germany<\/td>\n<\/tr>\n<tr style=\"height: 48px;\">\n<td style=\"height: 48px;\" width=\"36\">11<\/td>\n<td style=\"height: 48px;\" width=\"362\">Mario Soares, Ph.D.<\/td>\n<td style=\"height: 48px;\" width=\"75\">1999<\/td>\n<td style=\"height: 48px;\" width=\"416\">Ambassador of R. Portugal in Republic of North Macedonia<\/td>\n<td style=\"height: 48px;\" width=\"143\">Portugal<\/td>\n<\/tr>\n<tr style=\"height: 24px;\">\n<td style=\"height: 24px;\" width=\"36\">12<\/td>\n<td style=\"height: 24px;\" width=\"362\"><a href=\"https:\/\/repository.ukim.mk\/cris\/rp\/rp03067?open=journal&amp;filternamecrisrp.publications=infofulltext&amp;filterquerycrisrp.publications=With+Fulltext&amp;filtertypecrisrp.publications=equals\">Georgi Soptrajanov<\/a>, Ph.D.<\/td>\n<td style=\"height: 24px;\" width=\"75\">1999<\/td>\n<td style=\"height: 24px;\" width=\"416\">Ss. \u201dCyril and Methodius\u201d University in Skopje<\/td>\n<td style=\"height: 24px;\" width=\"143\">North Macedonia<\/td>\n<\/tr>\n<tr style=\"height: 24px;\">\n<td style=\"height: 24px;\" width=\"36\">13<\/td>\n<td style=\"height: 24px;\" width=\"362\">Ilija Orovcanec, Ph.D.<\/td>\n<td style=\"height: 24px;\" width=\"75\">2000<\/td>\n<td style=\"height: 24px;\" width=\"416\">Ss. \u201dCyril and Methodius\u201d University in Skopje<\/td>\n<td style=\"height: 24px;\" width=\"143\">North Macedonia<\/td>\n<\/tr>\n<tr style=\"height: 24px;\">\n<td style=\"height: 24px;\" width=\"36\">14<\/td>\n<td style=\"height: 24px;\" width=\"362\"><a href=\"https:\/\/en.wikipedia.org\/wiki\/Otto_von_Habsburg\">Otto von Habsburg<\/a>, Ph.D.<\/td>\n<td style=\"height: 24px;\" width=\"75\">2000<\/td>\n<td style=\"height: 24px;\" width=\"416\">European Parliament<\/td>\n<td style=\"height: 24px;\" width=\"143\">Austria<\/td>\n<\/tr>\n<tr style=\"height: 24px;\">\n<td style=\"height: 24px;\" width=\"36\">15<\/td>\n<td style=\"height: 24px;\" width=\"362\">Vlogimjez Pjanka, Ph.D.<\/td>\n<td style=\"height: 24px;\" width=\"75\">2000<\/td>\n<td style=\"height: 24px;\" width=\"416\">University of Vienna<\/td>\n<td style=\"height: 24px;\" width=\"143\">Austria<\/td>\n<\/tr>\n<tr style=\"height: 24px;\">\n<td style=\"height: 24px;\" width=\"36\">16<\/td>\n<td style=\"height: 24px;\" width=\"362\">Faustino Troni, Ph.D.<\/td>\n<td style=\"height: 24px;\" width=\"75\">2000<\/td>\n<td style=\"height: 24px;\" width=\"416\">Ambassador of R. Italy in Republic of North Macedonia<\/td>\n<td style=\"height: 24px;\" width=\"143\">Italy<\/td>\n<\/tr>\n<tr style=\"height: 24px;\">\n<td style=\"height: 24px;\" width=\"36\">17<\/td>\n<td style=\"height: 24px;\" width=\"362\">Evgenij Aleksievic Suhanov, Ph.D.<\/td>\n<td style=\"height: 24px;\" width=\"75\">2000<\/td>\n<td style=\"height: 24px;\" width=\"416\">Lomonosov University in Moscow<\/td>\n<td style=\"height: 24px;\" width=\"143\">Russia<\/td>\n<\/tr>\n<tr style=\"height: 24px;\">\n<td style=\"height: 24px;\" width=\"36\">18<\/td>\n<td style=\"height: 24px;\" width=\"362\"><a href=\"https:\/\/mk.wikipedia.org\/wiki\/%D0%92%D0%BE%D0%BB%D1%84_%D0%9E%D1%88%D0%BB%D0%B8%D1%81\">Wolf Oschlies<\/a>, Ph.D.<\/td>\n<td style=\"height: 24px;\" width=\"75\">2003<\/td>\n<td style=\"height: 24px;\" width=\"416\">University of Giessen<\/td>\n<td style=\"height: 24px;\" width=\"143\">Germany<\/td>\n<\/tr>\n<tr style=\"height: 24px;\">\n<td style=\"height: 24px;\" width=\"36\">19<\/td>\n<td style=\"height: 24px;\" width=\"362\"><a href=\"http:\/\/manu.edu.mk\/clenovi_nadvor\/radomir-ivanovic\/\">Radomir Ivanovic<\/a>, Ph.D.<\/td>\n<td style=\"height: 24px;\" width=\"75\">2005<\/td>\n<td style=\"height: 24px;\" width=\"416\">University of Novi Sad<\/td>\n<td style=\"height: 24px;\" width=\"143\">Serbia<\/td>\n<\/tr>\n<tr style=\"height: 24px;\">\n<td style=\"height: 24px;\" width=\"36\">20<\/td>\n<td style=\"height: 24px;\" width=\"362\">Gerson Volpin, Ph.D.<\/td>\n<td style=\"height: 24px;\" width=\"75\">2005<\/td>\n<td style=\"height: 24px;\" width=\"416\">University of Haifa<\/td>\n<td style=\"height: 24px;\" width=\"143\">Israel<\/td>\n<\/tr>\n<tr style=\"height: 24px;\">\n<td style=\"height: 24px;\" width=\"36\">21<\/td>\n<td style=\"height: 24px;\" width=\"362\"><a href=\"https:\/\/pl.wikipedia.org\/wiki\/Stanis%C5%82aw_Gajda\">Stanislav Gajda<\/a>, Ph.D.<\/td>\n<td style=\"height: 24px;\" width=\"75\">2005<\/td>\n<td style=\"height: 24px;\" width=\"416\">Opole University<\/td>\n<td style=\"height: 24px;\" width=\"143\">Poland<\/td>\n<\/tr>\n<tr style=\"height: 24px;\">\n<td style=\"height: 24px;\" width=\"36\">22<\/td>\n<td style=\"height: 24px;\" width=\"362\">\u00a0<a href=\"https:\/\/en.wikipedia.org\/wiki\/Ichak_Adizes\">Isak Adizes<\/a>, Ph.D.<\/td>\n<td style=\"height: 24px;\" width=\"75\">2005<\/td>\n<td style=\"height: 24px;\" width=\"416\">Adizes Institute in Los Angeles<\/td>\n<td style=\"height: 24px;\" width=\"143\">USA<\/td>\n<\/tr>\n<tr style=\"height: 24px;\">\n<td style=\"height: 24px;\" width=\"36\">23<\/td>\n<td style=\"height: 24px;\" width=\"362\">Margaret Reid, Ph.D.<\/td>\n<td style=\"height: 24px;\" width=\"75\">2005<\/td>\n<td style=\"height: 24px;\" width=\"416\">Ss. \u201dCyril and Methodius\u201d University in Skopje<\/td>\n<td style=\"height: 24px;\" width=\"143\">UK<\/td>\n<\/tr>\n<tr style=\"height: 24px;\">\n<td style=\"height: 24px;\" width=\"36\">24<\/td>\n<td style=\"height: 24px;\" width=\"362\"><a href=\"http:\/\/manu.edu.mk\/clenovi_nadvor\/%D1%85%D1%83%D1%81%D1%82%D0%BE-%D1%85%D0%BE%D1%80%D1%85%D0%B5-%D0%BF%D0%B0%D0%B4%D1%80%D0%BE%D0%BD-justo-jorge-padron\/\">Husto Horhe Padron<\/a>, Ph.D.<\/td>\n<td style=\"height: 24px;\" width=\"75\">2005<\/td>\n<td style=\"height: 24px;\" width=\"416\">poet<\/td>\n<td style=\"height: 24px;\" width=\"143\">Spain<\/td>\n<\/tr>\n<tr style=\"height: 24px;\">\n<td style=\"height: 24px;\" width=\"36\">25<\/td>\n<td style=\"height: 24px;\" width=\"362\"><a href=\"http:\/\/manu.edu.mk\/clenovi_nadvor\/%D0%B4-%D1%80-%D0%BC%D0%B8%D1%85%D0%B0%D1%98%D0%BB%D0%BE-%D0%B4%D0%B8%D0%BA%D0%B0-mihajlo-dika\/\">Mihajlo Dika<\/a>, Ph.D.<\/td>\n<td style=\"height: 24px;\" width=\"75\">2005<\/td>\n<td style=\"height: 24px;\" width=\"416\">University of Zagreb<\/td>\n<td style=\"height: 24px;\" width=\"143\">Croatia<\/td>\n<\/tr>\n<tr style=\"height: 24px;\">\n<td style=\"height: 24px;\" width=\"36\">26<\/td>\n<td style=\"height: 24px;\" width=\"362\"><a href=\"https:\/\/mk.wikipedia.org\/wiki\/%D0%98%D0%B2%D0%B0%D0%BD_%D0%9A%D0%B0%D0%BB%D1%87%D0%B5%D0%B2\">Ivan Kalcev<\/a>, Ph.D.<\/td>\n<td style=\"height: 24px;\" width=\"75\">2006<\/td>\n<td style=\"height: 24px;\" width=\"416\">Ss. \u201cCliment Ohridski\u201d University in Sofia<\/td>\n<td style=\"height: 24px;\" width=\"143\">Bulgaria<\/td>\n<\/tr>\n<tr style=\"height: 48px;\">\n<td style=\"height: 48px;\" width=\"36\">27<\/td>\n<td style=\"height: 48px;\" width=\"362\"><a href=\"https:\/\/mk.wikipedia.org\/wiki\/%D0%A2%D1%80%D0%B0%D1%98%D0%BA%D0%BE_%D0%A1%D1%82%D0%B0%D0%BC%D0%B0%D1%82%D0%BE%D1%81%D0%BA%D0%B8\">Trajko Stamatovski<\/a>, Ph.D.<\/td>\n<td style=\"height: 48px;\" width=\"75\">2006<\/td>\n<td style=\"height: 48px;\" width=\"416\">\u00a0Institute for Macedonian language \u201cKrste Petkov Misirkov\u201d<\/td>\n<td style=\"height: 48px;\" width=\"143\">North Macedonia<\/td>\n<\/tr>\n<tr style=\"height: 24px;\">\n<td style=\"height: 24px;\" width=\"36\">28<\/td>\n<td style=\"height: 24px;\" width=\"362\"><a href=\"https:\/\/en.wikipedia.org\/wiki\/Kamil_Idris\">Kamil Idris<\/a>, Ph.D.<\/td>\n<td style=\"height: 24px;\" width=\"75\">2007<\/td>\n<td style=\"height: 24px;\" width=\"416\">World Intellectual Property Organization in Geneva<\/td>\n<td style=\"height: 24px;\" width=\"143\">Switzerland<\/td>\n<\/tr>\n<tr style=\"height: 24px;\">\n<td style=\"height: 24px;\" width=\"36\">29<\/td>\n<td style=\"height: 24px;\" width=\"362\"><a href=\"https:\/\/mk.wikipedia.org\/wiki\/%D0%92%D0%B8%D0%BA%D1%82%D0%BE%D1%80_%D0%A4%D1%80%D0%B8%D0%B4%D0%BC%D0%B0%D0%BD\">Victor A. Freedman<\/a>, Ph.D.<\/td>\n<td style=\"height: 24px;\" width=\"75\">2007<\/td>\n<td style=\"height: 24px;\" width=\"416\">University of Chicago<\/td>\n<td style=\"height: 24px;\" width=\"143\">USA<\/td>\n<\/tr>\n<tr style=\"height: 24px;\">\n<td style=\"height: 24px;\" width=\"36\">30<\/td>\n<td style=\"height: 24px;\" width=\"362\">Wilfred Zin, Ph.D.<\/td>\n<td style=\"height: 24px;\" width=\"75\">2007<\/td>\n<td style=\"height: 24px;\" width=\"416\">Technical University of Vienna<\/td>\n<td style=\"height: 24px;\" width=\"143\">Austria<\/td>\n<\/tr>\n<tr style=\"height: 24px;\">\n<td style=\"height: 24px;\" width=\"36\">31<\/td>\n<td style=\"height: 24px;\" width=\"362\"><a href=\"https:\/\/mk.wikipedia.org\/wiki\/%D0%92%D0%BB%D0%B0%D1%82%D0%BA%D0%BE_%D0%A1%D1%82%D0%B5%D1%84%D0%B0%D0%BD%D0%BE%D0%B2%D1%81%D0%BA%D0%B8\">Vlatko Stefanovski<\/a><\/td>\n<td style=\"height: 24px;\" width=\"75\">2007<\/td>\n<td style=\"height: 24px;\" width=\"416\">musician<\/td>\n<td style=\"height: 24px;\" width=\"143\">North Macedonia<\/td>\n<\/tr>\n<tr style=\"height: 24px;\">\n<td style=\"height: 24px;\" width=\"36\">32<\/td>\n<td style=\"height: 24px;\" width=\"362\">Maestro <a href=\"https:\/\/en.wikipedia.org\/wiki\/Zubin_Mehta\">Zubin Mehta<\/a><\/td>\n<td style=\"height: 24px;\" width=\"75\">2007<\/td>\n<td style=\"height: 24px;\" width=\"416\">conductor and musician<\/td>\n<td style=\"height: 24px;\" width=\"143\">Israel<\/td>\n<\/tr>\n<tr style=\"height: 24px;\">\n<td style=\"height: 24px;\" width=\"36\">33<\/td>\n<td style=\"height: 24px;\" width=\"362\"><a href=\"https:\/\/en.wikipedia.org\/wiki\/Milan_Poga%C4%8Dnik\">Milan Pogacnik<\/a>, Ph.D.<\/td>\n<td style=\"height: 24px;\" width=\"75\">2007<\/td>\n<td style=\"height: 24px;\" width=\"416\">University of Ljubljana<\/td>\n<td style=\"height: 24px;\" width=\"143\">Slovenia<\/td>\n<\/tr>\n<tr style=\"height: 24px;\">\n<td style=\"height: 24px;\" width=\"36\">34<\/td>\n<td style=\"height: 24px;\" width=\"362\">Emil Erjavec, Ph.D.<\/td>\n<td style=\"height: 24px;\" width=\"75\">2008<\/td>\n<td style=\"height: 24px;\" width=\"416\">University of Ljubljana<\/td>\n<td style=\"height: 24px;\" width=\"143\">Slovenia<\/td>\n<\/tr>\n<tr style=\"height: 24px;\">\n<td style=\"height: 24px;\" width=\"36\">35<\/td>\n<td style=\"height: 24px;\" width=\"362\">Boris Pavlovski, Ph.D.<\/td>\n<td style=\"height: 24px;\" width=\"75\">2008<\/td>\n<td style=\"height: 24px;\" width=\"416\">University of Zagreb<\/td>\n<td style=\"height: 24px;\" width=\"143\">Croatia<\/td>\n<\/tr>\n<tr style=\"height: 24px;\">\n<td style=\"height: 24px;\" width=\"36\">36<\/td>\n<td style=\"height: 24px;\" width=\"362\">Giovanni Fiori<\/td>\n<td style=\"height: 24px;\" width=\"75\">2008<\/td>\n<td style=\"height: 24px;\" width=\"416\">Johnson\u2019s Control International<\/td>\n<td style=\"height: 24px;\" width=\"143\">USA<\/td>\n<\/tr>\n<tr style=\"height: 24px;\">\n<td style=\"height: 24px;\" width=\"36\">37<\/td>\n<td style=\"height: 24px;\" width=\"362\">John Bart<\/td>\n<td style=\"height: 24px;\" width=\"75\">2008<\/td>\n<td style=\"height: 24px;\" width=\"416\">Johnson\u2019s Control International<\/td>\n<td style=\"height: 24px;\" width=\"143\">USA<\/td>\n<\/tr>\n<tr style=\"height: 24px;\">\n<td style=\"height: 24px;\" width=\"36\">38<\/td>\n<td style=\"height: 24px;\" width=\"362\">Henrik Zebrovski, Ph.D.<\/td>\n<td style=\"height: 24px;\" width=\"75\">2008<\/td>\n<td style=\"height: 24px;\" width=\"416\">Wroclaw University of Technology<\/td>\n<td style=\"height: 24px;\" width=\"143\">Poland<\/td>\n<\/tr>\n<tr style=\"height: 24px;\">\n<td style=\"height: 24px;\" width=\"36\">39<\/td>\n<td style=\"height: 24px;\" width=\"362\"><a href=\"https:\/\/sr.wikipedia.org\/wiki\/%D0%9C%D0%B8%D1%80%D0%BE%D1%99%D1%83%D0%B1_%D0%A1%D1%82%D0%BE%D1%98%D0%B0%D0%BD%D0%BE%D0%B2%D0%B8%D1%9B_(%D0%BF%D1%80%D0%BE%D1%84%D0%B5%D1%81%D0%BE%D1%80)\">Miroljub Stojanovic<\/a>, Ph.D.<\/td>\n<td style=\"height: 24px;\" width=\"75\">2008<\/td>\n<td style=\"height: 24px;\" width=\"416\">University of Nis<\/td>\n<td style=\"height: 24px;\" width=\"143\">Serbia<\/td>\n<\/tr>\n<tr style=\"height: 24px;\">\n<td style=\"height: 24px;\" width=\"36\">40<\/td>\n<td style=\"height: 24px;\" width=\"362\"><a href=\"https:\/\/mk.wikipedia.org\/wiki\/%D0%A2%D0%BE%D0%BC%D0%B5_%D0%A1%D0%B5%D1%80%D0%B0%D1%84%D0%B8%D0%BC%D0%BE%D0%B2%D1%81%D0%BA%D0%B8\">Tome Serafimovski<\/a>, Ph.D.<\/td>\n<td style=\"height: 24px;\" width=\"75\">2011<\/td>\n<td style=\"height: 24px;\" width=\"416\">MANU- Macedonian Academy of Sciences and Arts<\/td>\n<td style=\"height: 24px;\" width=\"143\">North Macedonia<\/td>\n<\/tr>\n<tr style=\"height: 24px;\">\n<td style=\"height: 24px;\" width=\"36\">41<\/td>\n<td style=\"height: 24px;\" width=\"362\"><a href=\"https:\/\/mk.wikipedia.org\/wiki\/%D0%93%D0%BE%D1%80%D0%B0%D0%BD_%D0%9A%D0%B0%D0%BB%D0%BE%D1%93%D0%B5%D1%80%D0%B0\">Goran Kalogjera<\/a>, Ph.D.<\/td>\n<td style=\"height: 24px;\" width=\"75\">2011<\/td>\n<td style=\"height: 24px;\" width=\"416\">University of Rijeka<\/td>\n<td style=\"height: 24px;\" width=\"143\">Croatia<\/td>\n<\/tr>\n<tr style=\"height: 24px;\">\n<td style=\"height: 24px;\" width=\"36\">42<\/td>\n<td style=\"height: 24px;\" width=\"362\">Junuz Sojlet, Ph.D.<\/td>\n<td style=\"height: 24px;\" width=\"75\">2012<\/td>\n<td style=\"height: 24px;\" width=\"416\">University of Istanbul<\/td>\n<td style=\"height: 24px;\" width=\"143\">Turkey<\/td>\n<\/tr>\n<tr style=\"height: 24px;\">\n<td style=\"height: 24px;\" width=\"36\">43<\/td>\n<td style=\"height: 24px;\" width=\"362\"><a href=\"https:\/\/mk.wikipedia.org\/wiki\/%D0%90%D1%85%D0%BC%D0%B5%D1%82_%D0%94%D0%B0%D0%B2%D1%83%D1%82%D0%BE%D0%B3%D0%BB%D1%83\">Ahmet Davutoglu<\/a>, Ph.D.<\/td>\n<td style=\"height: 24px;\" width=\"75\">2012<\/td>\n<td style=\"height: 24px;\" width=\"416\">Minister of Foreign Affairs of the Republic of Turkey<\/td>\n<td style=\"height: 24px;\" width=\"143\">Turkey<\/td>\n<\/tr>\n<tr style=\"height: 24px;\">\n<td style=\"height: 24px;\" width=\"36\">44<\/td>\n<td style=\"height: 24px;\" width=\"362\"><a href=\"https:\/\/en.wikipedia.org\/wiki\/Viktor_Sadovnichiy\">Viktor Antonovich Sadovnich<\/a>, Ph.D.<\/td>\n<td style=\"height: 24px;\" width=\"75\">2013<\/td>\n<td style=\"height: 24px;\" width=\"416\">Lomonosov University in Moscow<\/td>\n<td style=\"height: 24px;\" width=\"143\">Russia<\/td>\n<\/tr>\n<tr style=\"height: 24px;\">\n<td style=\"height: 24px;\" width=\"36\">45<\/td>\n<td style=\"height: 24px;\" width=\"362\"><a href=\"https:\/\/www.is-ic.org\/bio-brandlh\/\">Heinz Brandl<\/a>, Ph.D.<\/td>\n<td style=\"height: 24px;\" width=\"75\">2015<\/td>\n<td style=\"height: 24px;\" width=\"416\">Technical University of Vienna<\/td>\n<td style=\"height: 24px;\" width=\"143\">Austria<\/td>\n<\/tr>\n<tr style=\"height: 24px;\">\n<td style=\"height: 24px;\" width=\"36\">46<\/td>\n<td style=\"height: 24px;\" width=\"362\"><a href=\"https:\/\/en.wikipedia.org\/wiki\/Kevin_Warwick\">Kevin Warwick<\/a>, Ph.D.<\/td>\n<td style=\"height: 24px;\" width=\"75\">2015<\/td>\n<td style=\"height: 24px;\" width=\"416\">University of Reding<\/td>\n<td style=\"height: 24px;\" width=\"143\">UK<\/td>\n<\/tr>\n<tr style=\"height: 24px;\">\n<td style=\"height: 24px;\" width=\"36\">47<\/td>\n<td style=\"height: 24px;\" width=\"362\"><a href=\"https:\/\/www.meduniwien.ac.at\/hp\/phd-vascularbiology\/research-laboratories\/irene-lang-md\/\">Irene Marta Lang<\/a>, Ph.D.<\/td>\n<td style=\"height: 24px;\" width=\"75\">2016<\/td>\n<td style=\"height: 24px;\" width=\"416\">Medical University of Vienna<\/td>\n<td style=\"height: 24px;\" width=\"143\">Austria<\/td>\n<\/tr>\n<tr style=\"height: 24px;\">\n<td style=\"height: 24px;\" width=\"36\">48<\/td>\n<td style=\"height: 24px;\" width=\"362\"><a href=\"http:\/\/www.philol.msu.ru\/~slavphil\/staff\/verizhnikova.html\">Elena Vladimirovna Verizhnikova<\/a>, Ph.D.<\/td>\n<td style=\"height: 24px;\" width=\"75\">2017<\/td>\n<td style=\"height: 24px;\" width=\"416\">Lomonosov University in Moscow<\/td>\n<td style=\"height: 24px;\" width=\"143\">Russia<\/td>\n<\/tr>\n<tr style=\"height: 24px;\">\n<td style=\"height: 24px;\" width=\"36\">49<\/td>\n<td style=\"height: 24px;\" width=\"362\"><a href=\"https:\/\/en.wikipedia.org\/wiki\/Evamarie_Hey-Hawkins\">Evamari Hay-Hawkins<\/a>, Ph.D.<\/td>\n<td style=\"height: 24px;\" width=\"75\">2017<\/td>\n<td style=\"height: 24px;\" width=\"416\">University of Leipzig<\/td>\n<td style=\"height: 24px;\" width=\"143\">Germany<\/td>\n<\/tr>\n<tr style=\"height: 24px;\">\n<td style=\"height: 24px;\" width=\"36\">50<\/td>\n<td style=\"height: 24px;\" width=\"362\"><a href=\"https:\/\/en.wikipedia.org\/wiki\/Christina_Kramer\">Christina Kramer<\/a>, Ph.D.<\/td>\n<td style=\"height: 24px;\" width=\"75\">2017<\/td>\n<td style=\"height: 24px;\" width=\"416\">University of Toronto<\/td>\n<td style=\"height: 24px;\" width=\"143\">Canada<\/td>\n<\/tr>\n<tr style=\"height: 24px;\">\n<td style=\"height: 24px;\" width=\"36\">51<\/td>\n<td style=\"height: 24px;\" width=\"362\">Peter Rau, Ph.D.<\/td>\n<td style=\"height: 24px;\" width=\"75\">2020<\/td>\n<td style=\"height: 24px;\" width=\"416\">Institute for German-Macedonian Relations<\/td>\n<td style=\"height: 24px;\" width=\"143\">Germany<\/td>\n<\/tr>\n<tr style=\"height: 24px;\">\n<td style=\"height: 24px;\" width=\"36\">52<\/td>\n<td style=\"height: 24px;\" width=\"362\"><a href=\"https:\/\/www.humboldt-foundation.de\/en\/connect\/explore-the-humboldt-network\/singleview\/1015897\/prof-dr-dr-h-c-mult-jozef-laurincik\">Jozef Laurincik, Ph.D.<\/a><\/td>\n<td style=\"height: 24px;\" width=\"75\">2020<\/td>\n<td style=\"height: 24px;\" width=\"416\">Constantine\u00a0the Philosopher\u00a0University<\/td>\n<td style=\"height: 24px;\" width=\"143\">Slovakia<\/td>\n<\/tr>\n<tr>\n<td>53<\/td>\n<td><a href=\"https:\/\/en.wikipedia.org\/wiki\/Patrice_Pavis\">Patrice Pavis , PhD<\/a><\/td>\n<td>2025<\/td>\n<td>Institute of Theatre Studies at Paris III University<\/td>\n<td>France<\/td>\n<\/tr>\n<\/tbody>\n<\/table>","protected":false},"excerpt":{"rendered":"<p>n DOCTOR HONORIS CAUSA Year Affiliation Country of origin 1 Edmond Leburton 1974 President of the Government in Belgium Belgium 2 Sini\u0161a Stankovi\u0107 , Ph.D. 1974 University of Belgrade Serbia 3 Boris Stoj\u010dev, Ph.D. 1982&#8230;<br \/><button type=\"button\" class=\"btn btn-warning mt-2\"><a class=\"understrap-read-more-link\" href=\"https:\/\/ukim.edu.mk\/en\/sostav\/pochesni-zvanja-i-tituli\/pochesni-doktori-na-nauki-na-ukim-2\/\">\u041f\u0440\u043e\u0447\u0438\u0442\u0430\u0458 \u041f\u043e\u0432\u0435\u045c\u0435<\/a><\/button><\/p>","protected":false},"author":5,"featured_media":7258,"parent":1382,"menu_order":0,"comment_status":"closed","ping_status":"closed","template":"","meta":{"footnotes":""},"class_list":["post-1997","page","type-page","status-publish","has-post-thumbnail","hentry"],"aioseo_notices":[],"_links":{"self":[{"href":"https:\/\/ukim.edu.mk\/en\/wp-json\/wp\/v2\/pages\/1997","targetHints":{"allow":["GET"]}}],"collection":[{"href":"https:\/\/ukim.edu.mk\/en\/wp-json\/wp\/v2\/pages"}],"about":[{"href":"https:\/\/ukim.edu.mk\/en\/wp-json\/wp\/v2\/types\/page"}],"author":[{"embeddable":true,"href":"https:\/\/ukim.edu.mk\/en\/wp-json\/wp\/v2\/users\/5"}],"replies":[{"embeddable":true,"href":"https:\/\/ukim.edu.mk\/en\/wp-json\/wp\/v2\/comments?post=1997"}],"version-history":[{"count":3,"href":"https:\/\/ukim.edu.mk\/en\/wp-json\/wp\/v2\/pages\/1997\/revisions"}],"predecessor-version":[{"id":14196,"href":"https:\/\/ukim.edu.mk\/en\/wp-json\/wp\/v2\/pages\/1997\/revisions\/14196"}],"up":[{"embeddable":true,"href":"https:\/\/ukim.edu.mk\/en\/wp-json\/wp\/v2\/pages\/1382"}],"wp:featuredmedia":[{"embeddable":true,"href":"https:\/\/ukim.edu.mk\/en\/wp-json\/wp\/v2\/media\/7258"}],"wp:attachment":[{"href":"https:\/\/ukim.edu.mk\/en\/wp-json\/wp\/v2\/media?parent=1997"}],"curies":[{"name":"wp","href":"https:\/\/api.w.org\/{rel}","templated":true}]}}