{"id":826,"date":"2021-05-27T11:04:55","date_gmt":"2021-05-27T11:04:55","guid":{"rendered":"http:\/\/194.149.131.34\/ukim\/?page_id=826"},"modified":"2025-11-19T15:12:00","modified_gmt":"2025-11-19T14:12:00","slug":"pochesni-profesori-na-ukim","status":"publish","type":"page","link":"https:\/\/ukim.edu.mk\/en\/sostav\/pochesni-zvanja-i-tituli\/pochesni-profesori-na-ukim\/","title":{"rendered":"\u041f\u043e\u0447\u0435\u0441\u043d\u0438 \u043f\u0440\u043e\u0444\u0435\u0441\u043e\u0440\u0438 \u043d\u0430 \u0423\u041a\u0418\u041c"},"content":{"rendered":"<div>\n<table style=\"border-collapse: collapse; width: 98.9194%;\">\n<tbody>\n<tr>\n<td style=\"width: 4.05405%;\"><strong>n<\/strong><\/td>\n<td style=\"width: 27.7027%;\"><strong>PROFESSOR HONORIS CAUSA<\/strong><\/td>\n<td style=\"width: 7.02916%;\"><strong>Year<\/strong><\/td>\n<td style=\"width: 38.4866%;\"><strong>Affiliation<\/strong><\/td>\n<td style=\"width: 22.2542%;\"><strong>Country of origin<\/strong><\/td>\n<\/tr>\n<\/tbody>\n<\/table>\n<p>&nbsp;<\/p>\n<table style=\"height: 100%; width: 100%;\" width=\"100%\">\n<tbody>\n<tr style=\"height: 72px;\">\n<td style=\"width: 3.51351%; height: 72px;\" width=\"38\">1<\/td>\n<td style=\"width: 27.5676%; height: 72px;\" width=\"265\">Masanuri Izumi, Ph.D.<\/td>\n<td style=\"width: 7.02701%; height: 72px;\" width=\"113\">1994<\/td>\n<td style=\"width: 37.2849%; height: 72px;\" width=\"444\">International Institute of Earthquake Engineering and Engineering Seismology in Tokyo<\/td>\n<td style=\"width: 21.1302%; height: 72px;\" width=\"160\">Japan<\/td>\n<\/tr>\n<tr style=\"height: 24px;\">\n<td style=\"width: 3.51351%; height: 24px;\" width=\"38\">2<\/td>\n<td style=\"width: 27.5676%; height: 24px;\" width=\"265\"><a href=\"https:\/\/en.wikipedia.org\/wiki\/Ray_William_Clough\">Ray Clough<\/a>, Ph.D.<\/td>\n<td style=\"width: 7.02701%; height: 24px;\" width=\"113\">1994<\/td>\n<td style=\"width: 37.2849%; height: 24px;\" width=\"444\">American Academy of Sciences<\/td>\n<td style=\"width: 21.1302%; height: 24px;\" width=\"160\">USA<\/td>\n<\/tr>\n<tr style=\"height: 48px;\">\n<td style=\"width: 3.51351%; height: 48px;\" width=\"38\">3<\/td>\n<td style=\"width: 27.5676%; height: 48px;\" width=\"265\">Jack Baukamp, Ph.D.<\/td>\n<td style=\"width: 7.02701%; height: 48px;\" width=\"113\">1994<\/td>\n<td style=\"width: 37.2849%; height: 48px;\" width=\"444\">Institute of Steel Construction at the Darmstadt University<\/td>\n<td style=\"width: 21.1302%; height: 48px;\" width=\"160\">Germany<\/td>\n<\/tr>\n<tr style=\"height: 24px;\">\n<td style=\"width: 3.51351%; height: 24px;\" width=\"38\">4<\/td>\n<td style=\"width: 27.5676%; height: 24px;\" width=\"265\"><a href=\"https:\/\/isearch.asu.edu\/profile\/44538\">Stephen Batalden<\/a>, Ph.D.<\/td>\n<td style=\"width: 7.02701%; height: 24px;\" width=\"113\">1995<\/td>\n<td style=\"width: 37.2849%; height: 24px;\" width=\"444\">Arizona State University<\/td>\n<td style=\"width: 21.1302%; height: 24px;\" width=\"160\">USA<\/td>\n<\/tr>\n<tr style=\"height: 24px;\">\n<td style=\"width: 3.51351%; height: 24px;\" width=\"38\">5<\/td>\n<td style=\"width: 27.5676%; height: 24px;\" width=\"265\">Harold Drutz, Ph.D.<\/td>\n<td style=\"width: 7.02701%; height: 24px;\" width=\"113\">1995<\/td>\n<td style=\"width: 37.2849%; height: 24px;\" width=\"444\">University of Toronto<\/td>\n<td style=\"width: 21.1302%; height: 24px;\" width=\"160\">Canada<\/td>\n<\/tr>\n<tr style=\"height: 48px;\">\n<td style=\"width: 3.51351%; height: 48px;\" width=\"38\">6<\/td>\n<td style=\"width: 27.5676%; height: 48px;\" width=\"265\">Graham Wightman Reid,M.A.<\/td>\n<td style=\"width: 7.02701%; height: 48px;\" width=\"113\">1996<\/td>\n<td style=\"width: 37.2849%; height: 48px;\" width=\"444\">English Department at the Faculty of Philology<\/td>\n<td style=\"width: 21.1302%; height: 48px;\" width=\"160\">UK<\/td>\n<\/tr>\n<tr style=\"height: 24px;\">\n<td style=\"width: 3.51351%; height: 24px;\" width=\"38\">7<\/td>\n<td style=\"width: 27.5676%; height: 24px;\" width=\"265\"><a href=\"https:\/\/en.wikipedia.org\/wiki\/Horst_Klinkmann\">Horst Klinkman<\/a>, Ph.D.<\/td>\n<td style=\"width: 7.02701%; height: 24px;\" width=\"113\">1997<\/td>\n<td style=\"width: 37.2849%; height: 24px;\" width=\"444\">Clinic in Rostock<\/td>\n<td style=\"width: 21.1302%; height: 24px;\" width=\"160\">Germany<\/td>\n<\/tr>\n<tr style=\"height: 24px;\">\n<td style=\"width: 3.51351%; height: 24px;\" width=\"38\">8<\/td>\n<td style=\"width: 27.5676%; height: 24px;\" width=\"265\"><a href=\"https:\/\/de.wikipedia.org\/wiki\/Robert_Loddenkemper\">Robert Lodenkemper<\/a>, Ph.D.<\/td>\n<td style=\"width: 7.02701%; height: 24px;\" width=\"113\">1998<\/td>\n<td style=\"width: 37.2849%; height: 24px;\" width=\"444\">University in Berlin<\/td>\n<td style=\"width: 21.1302%; height: 24px;\" width=\"160\">Germany<\/td>\n<\/tr>\n<tr style=\"height: 24px;\">\n<td style=\"width: 3.51351%; height: 24px;\" width=\"38\">9<\/td>\n<td style=\"width: 27.5676%; height: 24px;\" width=\"265\">Gert Kunkel, Ph.D.<\/td>\n<td style=\"width: 7.02701%; height: 24px;\" width=\"113\">1998<\/td>\n<td style=\"width: 37.2849%; height: 24px;\" width=\"444\">University in Berlin<\/td>\n<td style=\"width: 21.1302%; height: 24px;\" width=\"160\">Germany<\/td>\n<\/tr>\n<tr style=\"height: 48px;\">\n<td style=\"width: 3.51351%; height: 48px;\" width=\"38\">10<\/td>\n<td style=\"width: 27.5676%; height: 48px;\" width=\"265\">Ron Rosenfeld, Ph.D.<\/td>\n<td style=\"width: 7.02701%; height: 48px;\" width=\"113\">1999<\/td>\n<td style=\"width: 37.2849%; height: 48px;\" width=\"444\">Oregon Health and Sciences University<\/td>\n<td style=\"width: 21.1302%; height: 48px;\" width=\"160\">USA<\/td>\n<\/tr>\n<tr style=\"height: 24px;\">\n<td style=\"width: 3.51351%; height: 24px;\" width=\"38\">11<\/td>\n<td style=\"width: 27.5676%; height: 24px;\" width=\"265\"><a href=\"http:\/\/manu.edu.mk\/clenovi_nadvor\/%D0%B4-%D1%80-%D1%9F%D0%BE%D0%B7%D0%B5%D1%84-%D0%B1%D1%80%D0%B5%D0%B4%D0%B0-josef-c-brada\/\">Josef Brada<\/a>, Ph.D.<\/td>\n<td style=\"width: 7.02701%; height: 24px;\" width=\"113\">2000<\/td>\n<td style=\"width: 37.2849%; height: 24px;\" width=\"444\">Arizona State University<\/td>\n<td style=\"width: 21.1302%; height: 24px;\" width=\"160\">USA<\/td>\n<\/tr>\n<tr style=\"height: 48px;\">\n<td style=\"width: 3.51351%; height: 48px;\" width=\"38\">12<\/td>\n<td style=\"width: 27.5676%; height: 48px;\" width=\"265\">Adrzej Szytu\u0142a, Ph.D.<\/td>\n<td style=\"width: 7.02701%; height: 48px;\" width=\"113\">2000<\/td>\n<td style=\"width: 37.2849%; height: 48px;\" width=\"444\">Institute of Physics of the Jagiellonian University<\/td>\n<td style=\"width: 21.1302%; height: 48px;\" width=\"160\">Poland<\/td>\n<\/tr>\n<tr style=\"height: 24px;\">\n<td style=\"width: 3.51351%; height: 24px;\" width=\"38\">13<\/td>\n<td style=\"width: 27.5676%; height: 24px;\" width=\"265\"><a href=\"http:\/\/manu.edu.mk\/clenovi_nadvor\/ivan-dorovsky\/\">Ivan Dorovsk\u00fd<\/a>, Ph.D.<\/td>\n<td style=\"width: 7.02701%; height: 24px;\" width=\"113\">2000<\/td>\n<td style=\"width: 37.2849%; height: 24px;\" width=\"444\">Masaryk University<\/td>\n<td style=\"width: 21.1302%; height: 24px;\" width=\"160\">Czech Republic<\/td>\n<\/tr>\n<tr style=\"height: 48px;\">\n<td style=\"width: 3.51351%; height: 48px;\" width=\"38\">14<\/td>\n<td style=\"width: 27.5676%; height: 48px;\" width=\"265\">Kshyshtov Wroclawski, Ph.D.<\/td>\n<td style=\"width: 7.02701%; height: 48px;\" width=\"113\">2000<\/td>\n<td style=\"width: 37.2849%; height: 48px;\" width=\"444\">Warsaw University<\/td>\n<td style=\"width: 21.1302%; height: 48px;\" width=\"160\">Poland<\/td>\n<\/tr>\n<tr style=\"height: 48px;\">\n<td style=\"width: 3.51351%; height: 48px;\" width=\"38\">15<\/td>\n<td style=\"width: 27.5676%; height: 48px;\" width=\"265\">Jean-Louis Dietemann, Ph.D.<\/td>\n<td style=\"width: 7.02701%; height: 48px;\" width=\"113\">2000<\/td>\n<td style=\"width: 37.2849%; height: 48px;\" width=\"444\">Faculty of Medicine<\/td>\n<td style=\"width: 21.1302%; height: 48px;\" width=\"160\">France<\/td>\n<\/tr>\n<tr style=\"height: 24px;\">\n<td style=\"width: 3.51351%; height: 24px;\" width=\"38\">16<\/td>\n<td style=\"width: 27.5676%; height: 24px;\" width=\"265\"><a href=\"https:\/\/mk.wikipedia.org\/wiki\/%D0%94%D1%83%D1%88%D0%B0%D0%BD_%D0%A5%D0%B0%D1%9F%D0%B8\">Du\u0161an Had\u017ei<\/a>, Ph.D.<\/td>\n<td style=\"width: 7.02701%; height: 24px;\" width=\"113\">2000<\/td>\n<td style=\"width: 37.2849%; height: 24px;\" width=\"444\">Ljubljana University<\/td>\n<td style=\"width: 21.1302%; height: 24px;\" width=\"160\">Slovenia<\/td>\n<\/tr>\n<tr style=\"height: 24px;\">\n<td style=\"width: 3.51351%; height: 24px;\" width=\"38\">17<\/td>\n<td style=\"width: 27.5676%; height: 24px;\" width=\"265\">Du\u0161ka Simova-To\u0161i\u0107, Ph.D.<\/td>\n<td style=\"width: 7.02701%; height: 24px;\" width=\"113\">2000<\/td>\n<td style=\"width: 37.2849%; height: 24px;\" width=\"444\">Belgrade University<\/td>\n<td style=\"width: 21.1302%; height: 24px;\" width=\"160\">Serbia<\/td>\n<\/tr>\n<tr style=\"height: 24px;\">\n<td style=\"width: 3.51351%; height: 24px;\" width=\"38\">18<\/td>\n<td style=\"width: 27.5676%; height: 24px;\" width=\"265\">Ralf-Herbert Gahr, Ph.D.<\/td>\n<td style=\"width: 7.02701%; height: 24px;\" width=\"113\">2000<\/td>\n<td style=\"width: 37.2849%; height: 24px;\" width=\"444\">University of Leipzig<\/td>\n<td style=\"width: 21.1302%; height: 24px;\" width=\"160\">Germany<\/td>\n<\/tr>\n<tr style=\"height: 24px;\">\n<td style=\"width: 3.51351%; height: 24px;\" width=\"38\">19<\/td>\n<td style=\"width: 27.5676%; height: 24px;\" width=\"265\">Miljan Moja\u0161evi\u0107, Ph.D.<\/td>\n<td style=\"width: 7.02701%; height: 24px;\" width=\"113\">2000<\/td>\n<td style=\"width: 37.2849%; height: 24px;\" width=\"444\">Belgrade University<\/td>\n<td style=\"width: 21.1302%; height: 24px;\" width=\"160\">Serbia<\/td>\n<\/tr>\n<tr style=\"height: 24px;\">\n<td style=\"width: 3.51351%; height: 24px;\" width=\"38\">20<\/td>\n<td style=\"width: 27.5676%; height: 24px;\" width=\"265\">Branislav \u0110or\u0111evi\u0107, Ph.D.<\/td>\n<td style=\"width: 7.02701%; height: 24px;\" width=\"113\">2003<\/td>\n<td style=\"width: 37.2849%; height: 24px;\" width=\"444\">Belgrade University<\/td>\n<td style=\"width: 21.1302%; height: 24px;\" width=\"160\">Serbia<\/td>\n<\/tr>\n<tr style=\"height: 24px;\">\n<td style=\"width: 3.51351%; height: 24px;\" width=\"38\">21<\/td>\n<td style=\"width: 27.5676%; height: 24px;\" width=\"265\">Peter Hugo Howarth, Ph.D.<\/td>\n<td style=\"width: 7.02701%; height: 24px;\" width=\"113\">2003<\/td>\n<td style=\"width: 37.2849%; height: 24px;\" width=\"444\">Southampton University<\/td>\n<td style=\"width: 21.1302%; height: 24px;\" width=\"160\">UK<\/td>\n<\/tr>\n<tr style=\"height: 48px;\">\n<td style=\"width: 3.51351%; height: 48px;\" width=\"38\">22<\/td>\n<td style=\"width: 27.5676%; height: 48px;\" width=\"265\"><a href=\"https:\/\/en.wikipedia.org\/wiki\/Romano_Prodi\">Romano Prodi<\/a>, Ph.D.<\/td>\n<td style=\"width: 7.02701%; height: 48px;\" width=\"113\">2003<\/td>\n<td style=\"width: 37.2849%; height: 48px;\" width=\"444\">President of the European Commission<\/td>\n<td style=\"width: 21.1302%; height: 48px;\" width=\"160\">Italy<\/td>\n<\/tr>\n<tr style=\"height: 24px;\">\n<td style=\"width: 3.51351%; height: 24px;\" width=\"38\">23<\/td>\n<td style=\"width: 27.5676%; height: 24px;\" width=\"265\">Gershon Volpin, Ph.D.<\/td>\n<td style=\"width: 7.02701%; height: 24px;\" width=\"113\">2005<\/td>\n<td style=\"width: 37.2849%; height: 24px;\" width=\"444\">Haifa University<\/td>\n<td style=\"width: 21.1302%; height: 24px;\" width=\"160\">Israel<\/td>\n<\/tr>\n<tr style=\"height: 24px;\">\n<td style=\"width: 3.51351%; height: 24px;\" width=\"38\">24<\/td>\n<td style=\"width: 27.5676%; height: 24px;\" width=\"265\">Vitan Stefanov, Ph.D.<\/td>\n<td style=\"width: 7.02701%; height: 24px;\" width=\"113\">2005<\/td>\n<td style=\"width: 37.2849%; height: 24px;\" width=\"444\">St Clement of Ohrid University<\/td>\n<td style=\"width: 21.1302%; height: 24px;\" width=\"160\">Bulgaria<\/td>\n<\/tr>\n<tr style=\"height: 48px;\">\n<td style=\"width: 3.51351%; height: 48px;\" width=\"38\">25<\/td>\n<td style=\"width: 27.5676%; height: 48px;\" width=\"265\"><a href=\"https:\/\/de.wikipedia.org\/wiki\/Jakob_Izbicki\">Jakob Izbicki<\/a>, Ph.D.<\/td>\n<td style=\"width: 7.02701%; height: 48px;\" width=\"113\">2006<\/td>\n<td style=\"width: 37.2849%; height: 48px;\" width=\"444\">Hamburg-Eppendorf University Hospital<\/td>\n<td style=\"width: 21.1302%; height: 48px;\" width=\"160\">Germany<\/td>\n<\/tr>\n<tr style=\"height: 24px;\">\n<td style=\"width: 3.51351%; height: 24px;\" width=\"38\">26<\/td>\n<td style=\"width: 27.5676%; height: 24px;\" width=\"265\">John Mann, Ph.D.<\/td>\n<td style=\"width: 7.02701%; height: 24px;\" width=\"113\">2007<\/td>\n<td style=\"width: 37.2849%; height: 24px;\" width=\"444\">Columbia University<\/td>\n<td style=\"width: 21.1302%; height: 24px;\" width=\"160\">USA<\/td>\n<\/tr>\n<tr style=\"height: 24px;\">\n<td style=\"width: 3.51351%; height: 24px;\" width=\"38\">27<\/td>\n<td style=\"width: 27.5676%; height: 24px;\" width=\"265\">Tilman Dr\u00fceke, Ph.D.<\/td>\n<td style=\"width: 7.02701%; height: 24px;\" width=\"113\">2007<\/td>\n<td style=\"width: 37.2849%; height: 24px;\" width=\"444\">Universit\u00e9 Ren\u00e9 Descartes<\/td>\n<td style=\"width: 21.1302%; height: 24px;\" width=\"160\">France<\/td>\n<\/tr>\n<tr style=\"height: 24px;\">\n<td style=\"width: 3.51351%; height: 24px;\" width=\"38\">28<\/td>\n<td style=\"width: 27.5676%; height: 24px;\" width=\"265\">G\u00fcnther Schmid, Ph.D.<\/td>\n<td style=\"width: 7.02701%; height: 24px;\" width=\"113\">2007<\/td>\n<td style=\"width: 37.2849%; height: 24px;\" width=\"444\">Ruhr University<\/td>\n<td style=\"width: 21.1302%; height: 24px;\" width=\"160\">Germany<\/td>\n<\/tr>\n<tr style=\"height: 24px;\">\n<td style=\"width: 3.51351%; height: 24px;\" width=\"38\">29<\/td>\n<td style=\"width: 27.5676%; height: 24px;\" width=\"265\">Bjarne Fjalland, Ph.D.<\/td>\n<td style=\"width: 7.02701%; height: 24px;\" width=\"113\">2007<\/td>\n<td style=\"width: 37.2849%; height: 24px;\" width=\"444\">Copenhagen University<\/td>\n<td style=\"width: 21.1302%; height: 24px;\" width=\"160\">Denmark<\/td>\n<\/tr>\n<tr style=\"height: 24px;\">\n<td style=\"width: 3.51351%; height: 24px;\" width=\"38\">30<\/td>\n<td style=\"width: 27.5676%; height: 24px;\" width=\"265\"><a href=\"http:\/\/info.hazu.hr\/hr\/clanovi_akademije\/osobne_stranice\/daniel_rukavina\/daniel_rukavina_biografija\/\">Daniel Rukavina<\/a>, Ph.D.<\/td>\n<td style=\"width: 7.02701%; height: 24px;\" width=\"113\">2007<\/td>\n<td style=\"width: 37.2849%; height: 24px;\" width=\"444\">University of Rijeka<\/td>\n<td style=\"width: 21.1302%; height: 24px;\" width=\"160\">Croatia<\/td>\n<\/tr>\n<tr style=\"height: 24px;\">\n<td style=\"width: 3.51351%; height: 24px;\" width=\"38\">31<\/td>\n<td style=\"width: 27.5676%; height: 24px;\" width=\"265\">Atilla Hincal, Ph.D.<\/td>\n<td style=\"width: 7.02701%; height: 24px;\" width=\"113\">2008<\/td>\n<td style=\"width: 37.2849%; height: 24px;\" width=\"444\">Hacettepe University<\/td>\n<td style=\"width: 21.1302%; height: 24px;\" width=\"160\">Turkey<\/td>\n<\/tr>\n<tr style=\"height: 24px;\">\n<td style=\"width: 3.51351%; height: 24px;\" width=\"38\">32<\/td>\n<td style=\"width: 27.5676%; height: 24px;\" width=\"265\"><a href=\"https:\/\/socjologia.uj.edu.pl\/instytut\/pracownicy\/marianniezgoda\">Marian Niezgoda<\/a>, Ph.D.<\/td>\n<td style=\"width: 7.02701%; height: 24px;\" width=\"113\">2008<\/td>\n<td style=\"width: 37.2849%; height: 24px;\" width=\"444\">Jagiellonian University<\/td>\n<td style=\"width: 21.1302%; height: 24px;\" width=\"160\">Poland<\/td>\n<\/tr>\n<tr style=\"height: 48px;\">\n<td style=\"width: 3.51351%; height: 48px;\" width=\"38\">33<\/td>\n<td style=\"width: 27.5676%; height: 48px;\" width=\"265\">Hans-Konrad M\u00fcller-Hermelink, Ph.D.<\/td>\n<td style=\"width: 7.02701%; height: 48px;\" width=\"113\">2008<\/td>\n<td style=\"width: 37.2849%; height: 48px;\" width=\"444\">W\u00fcrzburg University<\/td>\n<td style=\"width: 21.1302%; height: 48px;\" width=\"160\">Germany<\/td>\n<\/tr>\n<tr style=\"height: 24px;\">\n<td style=\"width: 3.51351%; height: 24px;\" width=\"38\">34<\/td>\n<td style=\"width: 27.5676%; height: 24px;\" width=\"265\"><a href=\"https:\/\/www.law.columbia.edu\/faculty\/philip-m-genty\">Phillip Genty<\/a>, Ph.D.<\/td>\n<td style=\"width: 7.02701%; height: 24px;\" width=\"113\">2008<\/td>\n<td style=\"width: 37.2849%; height: 24px;\" width=\"444\">Columbia Law School<\/td>\n<td style=\"width: 21.1302%; height: 24px;\" width=\"160\">USA<\/td>\n<\/tr>\n<tr style=\"height: 24px;\">\n<td style=\"width: 3.51351%; height: 24px;\" width=\"38\">35<\/td>\n<td style=\"width: 27.5676%; height: 24px;\" width=\"265\">Theodor Tulcinsky, Ph.D.<\/td>\n<td style=\"width: 7.02701%; height: 24px;\" width=\"113\">2008<\/td>\n<td style=\"width: 37.2849%; height: 24px;\" width=\"444\">Hebrew University of Jerusalem<\/td>\n<td style=\"width: 21.1302%; height: 24px;\" width=\"160\">Israel<\/td>\n<\/tr>\n<tr style=\"height: 48px;\">\n<td style=\"width: 3.51351%; height: 48px;\" width=\"38\">36<\/td>\n<td style=\"width: 27.5676%; height: 48px;\" width=\"265\"><a href=\"http:\/\/manu.edu.mk\/clenovi_nadvor\/%D0%BA%D0%BB%D0%B5%D0%BC%D0%B5%D0%BD%D1%82-%D0%BA%D0%BB%D0%BE%D0%B4-%D0%B0%D0%B1%D1%83-clement-cla%C2%ADude-abbou\/\">Cl\u00e9ment-Claude Abbou<\/a>, Ph.D.<\/td>\n<td style=\"width: 7.02701%; height: 48px;\" width=\"113\">2014<\/td>\n<td style=\"width: 37.2849%; height: 48px;\" width=\"444\">Paris XII University<\/td>\n<td style=\"width: 21.1302%; height: 48px;\" width=\"160\">France<\/td>\n<\/tr>\n<tr style=\"height: 48px;\">\n<td style=\"width: 3.51351%; height: 48px;\" width=\"38\">37<\/td>\n<td style=\"width: 27.5676%; height: 48px;\" width=\"265\"><a href=\"https:\/\/www.uv.es\/uvweb\/universidad\/es\/ficha-personanull-1285950309813\/Persona.html?id=1285964438362&amp;idA=true\">Carlos Flores Juberias<\/a>, Ph.D.<\/td>\n<td style=\"width: 7.02701%; height: 48px;\" width=\"113\">2015<\/td>\n<td style=\"width: 37.2849%; height: 48px;\" width=\"444\">University of Valencia<\/td>\n<td style=\"width: 21.1302%; height: 48px;\" width=\"160\">Spain<\/td>\n<\/tr>\n<tr style=\"height: 24px;\">\n<td style=\"width: 3.51351%; height: 24px;\" width=\"38\">38<\/td>\n<td style=\"width: 27.5676%; height: 24px;\" width=\"265\"><a href=\"https:\/\/www.sfu.ac.at\/en\/person\/herbst-friedrich\/\">Friedrich Herbst<\/a>, Ph.D.<\/td>\n<td style=\"width: 7.02701%; height: 24px;\" width=\"113\">2018<\/td>\n<td style=\"width: 37.2849%; height: 24px;\" width=\"444\">Sigmund Freud University<\/td>\n<td style=\"width: 21.1302%; height: 24px;\" width=\"160\">Austria<\/td>\n<\/tr>\n<tr style=\"height: 31px;\">\n<td style=\"width: 3.51351%; height: 31px;\">39<\/td>\n<td style=\"width: 27.5676%; height: 31px;\"><a href=\"https:\/\/prae-chirurgie.meduniwien.ac.at\/en\/wissenschaft-forschung\/arge-aszmann\/team\/\">Oskar Azman<\/a>, Ph.D.<\/td>\n<td style=\"width: 7.02701%; height: 31px;\">2023<\/td>\n<td style=\"width: 37.2849%; height: 31px;\">Medical University of Vienna<\/td>\n<td style=\"width: 21.1302%; height: 31px;\">Austria<\/td>\n<\/tr>\n<tr>\n<td style=\"width: 3.51351%;\">40<\/td>\n<td style=\"width: 27.5676%;\"><a href=\"https:\/\/www.kib1.ruhr-uni-bochum.de\/kib\/mitarbeiter\/aktuellemitarbeiter\/mark\/index.html.en\">Peter Mark<\/a>, Ph.D.<\/td>\n<td style=\"width: 7.02701%;\">2025<\/td>\n<td style=\"width: 37.2849%;\">Ruhr University Bochum, Germany<\/td>\n<td style=\"width: 21.1302%;\">Germany<\/td>\n<\/tr>\n<tr>\n<td style=\"width: 3.51351%;\">41<\/td>\n<td style=\"width: 27.5676%;\"><a href=\"https:\/\/mk.wikipedia.org\/wiki\/%D0%90%D0%BB%D0%B0_%D0%A8%D0%B5%D1%88%D0%BA%D0%B5%D0%BD\">Ala \u0160e\u0161ken,PhD<\/a><\/td>\n<td style=\"width: 7.02701%;\">2025<\/td>\n<td style=\"width: 37.2849%;\">M. V. Lomonosov Moscow State University<\/td>\n<td style=\"width: 21.1302%;\">Russia<\/td>\n<\/tr>\n<\/tbody>\n<\/table>\n<p>&nbsp;<\/p>\n<\/div>","protected":false},"excerpt":{"rendered":"<p>n PROFESSOR HONORIS CAUSA Year Affiliation Country of origin &nbsp; 1 Masanuri Izumi, Ph.D. 1994 International Institute of Earthquake Engineering and Engineering Seismology in Tokyo Japan 2 Ray Clough, Ph.D. 1994 American Academy of Sciences&#8230;<br \/><button type=\"button\" class=\"btn btn-warning mt-2\"><a class=\"understrap-read-more-link\" href=\"https:\/\/ukim.edu.mk\/en\/sostav\/pochesni-zvanja-i-tituli\/pochesni-profesori-na-ukim\/\">\u041f\u0440\u043e\u0447\u0438\u0442\u0430\u0458 \u041f\u043e\u0432\u0435\u045c\u0435<\/a><\/button><\/p>","protected":false},"author":5,"featured_media":7258,"parent":1382,"menu_order":0,"comment_status":"closed","ping_status":"closed","template":"","meta":{"footnotes":""},"class_list":["post-826","page","type-page","status-publish","has-post-thumbnail","hentry"],"aioseo_notices":[],"_links":{"self":[{"href":"https:\/\/ukim.edu.mk\/en\/wp-json\/wp\/v2\/pages\/826","targetHints":{"allow":["GET"]}}],"collection":[{"href":"https:\/\/ukim.edu.mk\/en\/wp-json\/wp\/v2\/pages"}],"about":[{"href":"https:\/\/ukim.edu.mk\/en\/wp-json\/wp\/v2\/types\/page"}],"author":[{"embeddable":true,"href":"https:\/\/ukim.edu.mk\/en\/wp-json\/wp\/v2\/users\/5"}],"replies":[{"embeddable":true,"href":"https:\/\/ukim.edu.mk\/en\/wp-json\/wp\/v2\/comments?post=826"}],"version-history":[{"count":19,"href":"https:\/\/ukim.edu.mk\/en\/wp-json\/wp\/v2\/pages\/826\/revisions"}],"predecessor-version":[{"id":14194,"href":"https:\/\/ukim.edu.mk\/en\/wp-json\/wp\/v2\/pages\/826\/revisions\/14194"}],"up":[{"embeddable":true,"href":"https:\/\/ukim.edu.mk\/en\/wp-json\/wp\/v2\/pages\/1382"}],"wp:featuredmedia":[{"embeddable":true,"href":"https:\/\/ukim.edu.mk\/en\/wp-json\/wp\/v2\/media\/7258"}],"wp:attachment":[{"href":"https:\/\/ukim.edu.mk\/en\/wp-json\/wp\/v2\/media?parent=826"}],"curies":[{"name":"wp","href":"https:\/\/api.w.org\/{rel}","templated":true}]}}