{"id":9438,"date":"2024-10-21T12:26:16","date_gmt":"2024-10-21T10:26:16","guid":{"rendered":"https:\/\/ukim.edu.mk\/?page_id=9438"},"modified":"2025-07-04T11:54:36","modified_gmt":"2025-07-04T09:54:36","slug":"vodich","status":"publish","type":"page","link":"https:\/\/ukim.edu.mk\/en\/studii\/stanski-studenti\/vodich\/","title":{"rendered":"Guide"},"content":{"rendered":"<p><span style=\"font-size: 14pt;\"><a href=\"https:\/\/ukim.edu.mk\/wp-content\/uploads\/2024\/10\/promo_video_ukim.mp4\">Informative video<\/a><\/span><\/p>\n<hr \/>\n<h2><\/h2>\n<table style=\"border-collapse: collapse; width: 100%;\">\n<tbody>\n<tr>\n<td style=\"width: 50%;\"><img decoding=\"async\" class=\"alignnone wp-image-5920 size-full lazyload\" data-src=\"https:\/\/ukim.edu.mk\/wp-content\/uploads\/2024\/05\/broshura-ukim70101-converted-scaled.jpg\" alt=\"\" width=\"1810\" height=\"2560\" data-srcset=\"https:\/\/ukim.edu.mk\/wp-content\/uploads\/2024\/05\/broshura-ukim70101-converted-scaled.jpg 1810w, https:\/\/ukim.edu.mk\/wp-content\/uploads\/2024\/05\/broshura-ukim70101-converted-212x300.jpg 212w, https:\/\/ukim.edu.mk\/wp-content\/uploads\/2024\/05\/broshura-ukim70101-converted-724x1024.jpg 724w, https:\/\/ukim.edu.mk\/wp-content\/uploads\/2024\/05\/broshura-ukim70101-converted-768x1086.jpg 768w, https:\/\/ukim.edu.mk\/wp-content\/uploads\/2024\/05\/broshura-ukim70101-converted-1086x1536.jpg 1086w, https:\/\/ukim.edu.mk\/wp-content\/uploads\/2024\/05\/broshura-ukim70101-converted-1448x2048.jpg 1448w, https:\/\/ukim.edu.mk\/wp-content\/uploads\/2024\/05\/broshura-ukim70101-converted-8x12.jpg 8w\" data-sizes=\"(max-width: 1810px) 100vw, 1810px\" src=\"data:image\/svg+xml;base64,PHN2ZyB3aWR0aD0iMSIgaGVpZ2h0PSIxIiB4bWxucz0iaHR0cDovL3d3dy53My5vcmcvMjAwMC9zdmciPjwvc3ZnPg==\" style=\"--smush-placeholder-width: 1810px; --smush-placeholder-aspect-ratio: 1810\/2560;\" \/><\/td>\n<td style=\"width: 50%; text-align: left;\">\n<ul>\n<li><a href=\"https:\/\/ukim.edu.mk\/wp-content\/uploads\/2025\/07\/vodich-za-stranski-studenti-mk.pdf\" target=\"_blank\" rel=\"noopener\">\u0412\u043e\u0434\u0438\u0447 \u0437\u0430 \u0441\u0442\u0440\u0430\u043d\u0441\u043a\u0438 \u0441\u0442\u0443\u0434\u0435\u043d\u0442\u0438 (mk)<\/a><\/li>\n<\/ul>\n<ul>\n<li><a href=\"https:\/\/ukim.edu.mk\/wp-content\/uploads\/2025\/07\/vodich-za-stranski-studenti-en.pdf\" target=\"_blank\" rel=\"noopener\">Guide for International Students (en)<\/a><\/li>\n<\/ul>\n<ul>\n<li><a href=\"https:\/\/ukim.edu.mk\/wp-content\/uploads\/2025\/07\/vodich-za-stranski-studenti-tr.pdf\" target=\"_blank\" rel=\"noopener\">Uluslararas\u0131 \u00d6\u011frenciler \u0130\u00e7in Rehber (tr)<\/a><\/li>\n<\/ul>\n<\/td>\n<\/tr>\n<\/tbody>\n<\/table>\n<p>&nbsp;<\/p>\n<p>&nbsp;<\/p>","protected":false},"excerpt":{"rendered":"<p>\u0418\u043d\u0444\u043e\u0440\u043c\u0430\u0442\u0438\u0432\u043d\u043e \u0432\u0438\u0434\u0435\u043e \u0412\u043e\u0434\u0438\u0447 \u0437\u0430 \u0441\u0442\u0440\u0430\u043d\u0441\u043a\u0438 \u0441\u0442\u0443\u0434\u0435\u043d\u0442\u0438 (mk) Guide for International Students (en) Uluslararas\u0131 \u00d6\u011frenciler \u0130\u00e7in Rehber (tr) &nbsp; &nbsp;&#8230;<br \/><button type=\"button\" class=\"btn btn-warning mt-2\"><a class=\"understrap-read-more-link\" href=\"https:\/\/ukim.edu.mk\/en\/studii\/stanski-studenti\/vodich\/\">\u041f\u0440\u043e\u0447\u0438\u0442\u0430\u0458 \u041f\u043e\u0432\u0435\u045c\u0435<\/a><\/button><\/p>","protected":false},"author":10,"featured_media":7258,"parent":1684,"menu_order":0,"comment_status":"closed","ping_status":"closed","template":"","meta":{"footnotes":""},"class_list":["post-9438","page","type-page","status-publish","has-post-thumbnail","hentry"],"aioseo_notices":[],"_links":{"self":[{"href":"https:\/\/ukim.edu.mk\/en\/wp-json\/wp\/v2\/pages\/9438","targetHints":{"allow":["GET"]}}],"collection":[{"href":"https:\/\/ukim.edu.mk\/en\/wp-json\/wp\/v2\/pages"}],"about":[{"href":"https:\/\/ukim.edu.mk\/en\/wp-json\/wp\/v2\/types\/page"}],"author":[{"embeddable":true,"href":"https:\/\/ukim.edu.mk\/en\/wp-json\/wp\/v2\/users\/10"}],"replies":[{"embeddable":true,"href":"https:\/\/ukim.edu.mk\/en\/wp-json\/wp\/v2\/comments?post=9438"}],"version-history":[{"count":15,"href":"https:\/\/ukim.edu.mk\/en\/wp-json\/wp\/v2\/pages\/9438\/revisions"}],"predecessor-version":[{"id":13450,"href":"https:\/\/ukim.edu.mk\/en\/wp-json\/wp\/v2\/pages\/9438\/revisions\/13450"}],"up":[{"embeddable":true,"href":"https:\/\/ukim.edu.mk\/en\/wp-json\/wp\/v2\/pages\/1684"}],"wp:featuredmedia":[{"embeddable":true,"href":"https:\/\/ukim.edu.mk\/en\/wp-json\/wp\/v2\/media\/7258"}],"wp:attachment":[{"href":"https:\/\/ukim.edu.mk\/en\/wp-json\/wp\/v2\/media?parent=9438"}],"curies":[{"name":"wp","href":"https:\/\/api.w.org\/{rel}","templated":true}]}}